{"id":576,"date":"2018-06-29T17:46:34","date_gmt":"2018-06-29T15:46:34","guid":{"rendered":"https:\/\/staging.rivr.ch\/?page_id=576"},"modified":"2023-01-19T09:40:15","modified_gmt":"2023-01-19T08:40:15","slug":"kontakt","status":"publish","type":"page","link":"https:\/\/staging.rivr.ch\/de\/kontakt\/","title":{"rendered":"Anfahrt und Kontakt"},"content":{"rendered":"<h3>Anfahrt<\/h3>\n<p>Rivr ist einfach erreichbar<\/p>\n<p>Rivr liegt im Herzen von Z\u00fcrich West, im obersten Stock des Mid-Century Hochhauses an der Hardturmstrasse 161. Der Blick geht \u00fcber Stadt, See und Berge.<\/p>\n<p>__ Auto: F\u00fcr unsere Patienten stehen drei Parkpl\u00e4tze vor dem Haus an der Hauptverkehrsachse Hardturmstrasse zur Verf\u00fcgung. Das <a href=\"http:\/\/www.pls-zh.ch\/parkhaus\/p_west.jsp?pid=p_west\">Parkhaus P West<\/a> liegt unmittelbar neben dem Geb\u00e4ude.<\/p>\n<p>__ \u00d6ffentliche Verkehrsmittel: Unmittelbar vor dem Haus h\u00e4lt Tram Nr. 17 &amp; 13 an der Haltestelle Fischerweg mit einer Fahrzeit von 9 Minuten ab Hauptbahnhof. Beim 200 Meter entfernten Toni-Areal h\u00e4lt Tram Nr. 4 mit auch 9 Minuten ab Hauptbahnhof. Der Bahnhof Z\u00fcrich Hardbr\u00fccke ist per Tram in 5 Minuten oder zu Fuss in 15 Minuten erreichbar.<\/p>\n<p>__ Limousinen-Service: Nach Eingriffen stellen wir Ihnen auf Anfrage gern einen Limousinen-Service zur Verf\u00fcgung.<\/p>\n<h3>Unser Kontakt<\/h3>\n<table>\n<tbody>\n<tr>\n<td>Rivr AG<\/td>\n<td>campus@rivr.com<\/td>\n<\/tr>\n<tr>\n<td>Hardturmstrasse 161<\/td>\n<td>Tel: +41 (0)44 366 44 55<\/td>\n<\/tr>\n<tr>\n<td>8005 Z\u00fcrich<\/td>\n<td>Fax: +41 (0)44 737 66 54<\/td>\n<\/tr>\n<\/tbody>\n<\/table>\n<p>Inja Alleman\u2013 dr.allemann@rivr.ch \u2013 +41 (0)44 366 44 56<br \/>\nPascal Ducommun\u2013 dr.ducommun@rivr.ch\u2013 +41 (0)44 366 44 57<\/p>\n","protected":false},"excerpt":{"rendered":"<p>Anfahrt Rivr ist einfach erreichbar Rivr liegt im Herzen von Z\u00fcrich West, im obersten Stock des Mid-Century Hochhauses an der Hardturmstrasse 161. Der Blick geht \u00fcber Stadt, See und Berge. __ Auto: F\u00fcr unsere Patienten stehen drei Parkpl\u00e4tze vor dem Haus an der Hauptverkehrsachse Hardturmstrasse zur Verf\u00fcgung. Das Parkhaus P West liegt unmittelbar neben dem [&hellip;]<\/p>\n","protected":false},"author":13,"featured_media":0,"parent":0,"menu_order":0,"comment_status":"closed","ping_status":"closed","template":"hvc-teamoverview.php","meta":{"footnotes":""},"yst_prominent_words":[32,26,23,39,34,27,31,24,22,21,33,40,29,25,37,28,35,38,30,36],"acf":[],"_links":{"self":[{"href":"https:\/\/staging.rivr.ch\/de\/wp-json\/wp\/v2\/pages\/576"}],"collection":[{"href":"https:\/\/staging.rivr.ch\/de\/wp-json\/wp\/v2\/pages"}],"about":[{"href":"https:\/\/staging.rivr.ch\/de\/wp-json\/wp\/v2\/types\/page"}],"author":[{"embeddable":true,"href":"https:\/\/staging.rivr.ch\/de\/wp-json\/wp\/v2\/users\/13"}],"replies":[{"embeddable":true,"href":"https:\/\/staging.rivr.ch\/de\/wp-json\/wp\/v2\/comments?post=576"}],"version-history":[{"count":19,"href":"https:\/\/staging.rivr.ch\/de\/wp-json\/wp\/v2\/pages\/576\/revisions"}],"predecessor-version":[{"id":8343,"href":"https:\/\/staging.rivr.ch\/de\/wp-json\/wp\/v2\/pages\/576\/revisions\/8343"}],"wp:attachment":[{"href":"https:\/\/staging.rivr.ch\/de\/wp-json\/wp\/v2\/media?parent=576"}],"wp:term":[{"taxonomy":"yst_prominent_words","embeddable":true,"href":"https:\/\/staging.rivr.ch\/de\/wp-json\/wp\/v2\/yst_prominent_words?post=576"}],"curies":[{"name":"wp","href":"https:\/\/api.w.org\/{rel}","templated":true}]}}